{"id":56,"date":"2022-08-21T22:16:54","date_gmt":"2022-08-22T03:16:54","guid":{"rendered":"http:\/\/216.155.132.153\/?page_id=56"},"modified":"2022-08-31T13:51:59","modified_gmt":"2022-08-31T18:51:59","slug":"plurios-en-aymara","status":"publish","type":"page","link":"http:\/\/www.illaa.org\/index.php\/plurios-en-aymara\/","title":{"rendered":"PluriOS en aymara"},"content":{"rendered":"<p>Con la empresa <a href=\"http:\/\/openit.com.bo\/\">OpenIT<\/a>, hemos creando una versi\u00f3n de <a href=\"https:\/\/plurios.openit.dev\">PluriOS<\/a> con la interfaz en aymara, que es una distribuci\u00f3n de Linux dise\u00f1ada para el p\u00fablico boliviano. Es la primera vez que una interfaz de Linux ha sido lanzado en una lengua originaria de las Am\u00e9ricas. Hemos traducido <a href=\"https:\/\/translations.launchpad.net\/linuxmint\/latest\/+lang\/ay\">11.000 palabras<\/a> de su men\u00fa principal y su interfaz de <a href=\"https:\/\/github.com\/linuxmint\/Cinnamon\">Cinnamon<\/a> a aymara. Con el paquete <a href=\"https:\/\/github.com\/amosbatto\/plurios-languages\">plurios-languages<\/a>, podemos cambiar la interfaz de castellano a aymara o a rev\u00e9s.<\/p>\n<p><a href=\"http:\/\/www.illaa.org\/wp-content\/uploads\/2022\/08\/PluriOS-aymara-menu.png\" ref=lightbox rel=\"lightbox[56]\"><img loading=\"lazy\" class=\"alignnone size-full wp-image-57\" src=\"http:\/\/www.illaa.org\/wp-content\/uploads\/2022\/08\/PluriOS-aymara-menu.png\" alt=\"\" width=\"1182\" height=\"698\" srcset=\"http:\/\/www.illaa.org\/wp-content\/uploads\/2022\/08\/PluriOS-aymara-menu.png 1182w, http:\/\/www.illaa.org\/wp-content\/uploads\/2022\/08\/PluriOS-aymara-menu-300x177.png 300w, http:\/\/www.illaa.org\/wp-content\/uploads\/2022\/08\/PluriOS-aymara-menu-1024x605.png 1024w, http:\/\/www.illaa.org\/wp-content\/uploads\/2022\/08\/PluriOS-aymara-menu-768x454.png 768w, http:\/\/www.illaa.org\/wp-content\/uploads\/2022\/08\/PluriOS-aymara-menu-500x295.png 500w\" sizes=\"(max-width: 1182px) 100vw, 1182px\" \/><\/a><\/p>\n<p>Tuvimos que crear muchos neologismos en la lengua aymara, como <em>wayaqa<\/em> (archivo), <em>q&#8217;ipi<\/em> (carpeta) <em>qillqa-wayaqa<\/em> (documento), <em>w&#8217;aka<\/em> (barra de herramientas), <em>salta<\/em> (icono), <em>kirkiwi<\/em> (audio), <em>llikapura<\/em> (internet), <em>luraya\u00f1atak siqi<\/em> (terminal), ch&#8217;ama (energ\u00eda), laphi-liq&#8217;suri (impresora), <em>wikuchiri pampa<\/em> (panel t\u00e1ctil) y <em>jithitatayawi<\/em> (extensi\u00f3n).<\/p>\n<p><a href=\"http:\/\/www.illaa.org\/wp-content\/uploads\/2022\/08\/SistemaConfiguracion.png\" rel=lightbox rel=\"lightbox[56]\"><img loading=\"lazy\" class=\"alignnone size-full wp-image-58\" src=\"http:\/\/www.illaa.org\/wp-content\/uploads\/2022\/08\/SistemaConfiguracion.png\" alt=\"\" width=\"765\" height=\"636\" srcset=\"http:\/\/www.illaa.org\/wp-content\/uploads\/2022\/08\/SistemaConfiguracion.png 765w, http:\/\/www.illaa.org\/wp-content\/uploads\/2022\/08\/SistemaConfiguracion-300x249.png 300w, http:\/\/www.illaa.org\/wp-content\/uploads\/2022\/08\/SistemaConfiguracion-361x300.png 361w\" sizes=\"(max-width: 765px) 100vw, 765px\" \/><\/a><\/p>\n<p>Existe m\u00e1s programas para traducir al aymara, como el explorador de archivos, juegos educativos, hojas de c\u00e1lculo, navegadores de web, editores de im\u00e1genes y video, etc. Estamos buscando voluntarios, pasant\u00edas y tesistas que quieran ayudarnos en la traducci\u00f3n de m\u00e1s programas.<\/p>\n","protected":false},"excerpt":{"rendered":"<p>Con la empresa OpenIT, hemos creando una versi\u00f3n de PluriOS con la interfaz en aymara, que es una distribuci\u00f3n de Linux dise\u00f1ada para el p\u00fablico boliviano. Es la primera vez que una interfaz de Linux ha sido lanzado en una &hellip; <a href=\"http:\/\/www.illaa.org\/index.php\/plurios-en-aymara\/\">Continuar leyendo <span class=\"meta-nav\">&rarr;<\/span><\/a><\/p>\n","protected":false},"author":1,"featured_media":0,"parent":0,"menu_order":0,"comment_status":"closed","ping_status":"closed","template":"","meta":[],"_links":{"self":[{"href":"http:\/\/www.illaa.org\/index.php\/wp-json\/wp\/v2\/pages\/56"}],"collection":[{"href":"http:\/\/www.illaa.org\/index.php\/wp-json\/wp\/v2\/pages"}],"about":[{"href":"http:\/\/www.illaa.org\/index.php\/wp-json\/wp\/v2\/types\/page"}],"author":[{"embeddable":true,"href":"http:\/\/www.illaa.org\/index.php\/wp-json\/wp\/v2\/users\/1"}],"replies":[{"embeddable":true,"href":"http:\/\/www.illaa.org\/index.php\/wp-json\/wp\/v2\/comments?post=56"}],"version-history":[{"count":7,"href":"http:\/\/www.illaa.org\/index.php\/wp-json\/wp\/v2\/pages\/56\/revisions"}],"predecessor-version":[{"id":458,"href":"http:\/\/www.illaa.org\/index.php\/wp-json\/wp\/v2\/pages\/56\/revisions\/458"}],"wp:attachment":[{"href":"http:\/\/www.illaa.org\/index.php\/wp-json\/wp\/v2\/media?parent=56"}],"curies":[{"name":"wp","href":"https:\/\/api.w.org\/{rel}","templated":true}]}}