{"id":67,"date":"2022-08-21T22:52:55","date_gmt":"2022-08-22T03:52:55","guid":{"rendered":"http:\/\/216.155.132.153\/?page_id=67"},"modified":"2022-08-24T08:53:08","modified_gmt":"2022-08-24T13:53:08","slug":"stardict","status":"publish","type":"page","link":"http:\/\/www.illaa.org\/index.php\/stardict\/","title":{"rendered":"StarDict"},"content":{"rendered":"<p><a href=\"http:\/\/www.huzheng.org\/stardict\/\">StarDict<\/a> es un diccionario electr\u00f3nico de software libre que es muy f\u00e1cil usar y funciona en Windows, Linux, BSD y Mac OSX. Es dise\u00f1ado para hacer b\u00fasquedas en muchos diccionarios a la vez y tiene opciones para consultar los diccionarios con la selecci\u00f3n de texto adentro de cualquier otro programa.<img loading=\"lazy\" class=\"alignnone size-full wp-image-275\" src=\"http:\/\/www.illaa.org\/wp-content\/uploads\/2022\/08\/stardict.png\" alt=\"\" width=\"515\" height=\"414\" srcset=\"http:\/\/www.illaa.org\/wp-content\/uploads\/2022\/08\/stardict.png 515w, http:\/\/www.illaa.org\/wp-content\/uploads\/2022\/08\/stardict-300x241.png 300w, http:\/\/www.illaa.org\/wp-content\/uploads\/2022\/08\/stardict-373x300.png 373w\" sizes=\"(max-width: 515px) 100vw, 515px\" \/><\/p>\n<p>El ILLA han digitalizado y formateado 30 diccionarios de lenguas originarias para funcionar en StarDict.<\/p>\n<p><strong>Nota:<\/strong> El ILLA est\u00e1 buscando a voluntarios para digitalizar otros diccionarios y corregir los errores en la digitalizaci\u00f3n.<\/p>\n<h2>Ventajas de StarDict:<\/h2>\n<ul>\n<li>B\u00fasquedas r\u00e1pidas en todos los diccionarios a la vez.<br \/>\nLa ventana de StarDict no ocupa mucho espacio en la pantalla y puede ser minimizado a la bandeja de sistema. (En cambio, la interfaz de GoldenDict ocupa mucho espacio.)<\/li>\n<li>Habilidad de realizar b\u00fasquedas en las definiciones con una barra vertical antes de la palabra. Por ejemplo, para buscar la palabra \u201cwawa\u201d, entregue: |wawa<br \/>\n(En cambio, GoldenDict no puede buscar adentro de las definiciones.)<\/li>\n<li>Habilidad de buscar con comodines. ? representa cualquier car\u00e1cter y * representa cualquier n\u00famero de caracteres (incluso cero caracteres). Entonces una b\u00fasqueda de \u201c?qa\u201d encuentra \u201c-qa\u201d, \u201caqa\u201d, \u201ciqa\u201d y \u201cuqa\u201d; y una b\u00fasqueda de \u201c*qa\u201d encuentra \u201c-qa\u201d, \u201caqa\u201d, \u201caka tanqa\u201d, \u201callqa\u201d, \u201cch\u2019iqa\u201d, etc.<\/li>\n<li>StarDict acepta la entrega de caracteres de Unicode. Entonces para introducir \u201c\u0268\u201d (i cortado de guaran\u00ed, U+268), se oprime CTRL + SHIFT + U y despu\u00e9s el numero 268. Para introducir \u201c\u0268\u0308\u201d (i cortado nasal de guaran\u00ed, U+268,U+308), se oprime CTRL + SHIFT + U y el n\u00famero 268, CTRL + SHIFT + U y el n\u00famero 308. (En cambio, GoldenDict ofrece est\u00e1 funcionalidad.)<\/li>\n<\/ul>\n<h2>Desventajas de StarDict:<\/h2>\n<ul>\n<li>La interfaz de StarDict es solamente disponible en castellano en la version 5.0.4 y despu\u00e9s. (En cambio, la interfaz de GoldenDict est\u00e1 disponible en castellano, quechua boliviano, quechua cuzque\u00f1o y aymara.)<\/li>\n<li>StarDict distingue las letras normales de las letras con marcas diacriticas, entonces una b\u00fasqueda de \u201cn\u201d no encuentra \u201c\u00f1\u201d y una b\u00fasqueda de \u201ca\u201d no encuentra \u201c\u00e1\u201d ni \u201c\u00e4\u201d. (En cambio, GoldenDict puede relacionar estas letras, entonces es m\u00e1s f\u00e1cil encontrar palabras con tildes, di\u00e9resis y acentos agudos.)<\/li>\n<li>StarDict s\u00f3lo puede buscar desde el comienzo de la clave, entonces una b\u00fasqueda de \u201cmaypi\u201d no encuentra \u201c\u00bfmaypi?\u201d ni \u201cchaypi, may, maypi\u201d. Para buscar en el medio de las claves, hay que utilizar comodines \u201c*maypi*\u201d. (En cambio, GoldenDict busca autom\u00e1ticamente en el medio de las claves.)<\/li>\n<li>Habilidad de buscar con comodines. <strong>?<\/strong> representa cualquier car\u00e1cter y <strong>*<\/strong> representa cualquier n\u00famero de caracteres. Entonces una b\u00fasqueda de \u201c?qa\u201d encuentra \u201c-qa\u201d, \u201caqa\u201d, \u201ciqa\u201d y \u201cuqa\u201d. Una b\u00fasqueda de \u201c*qa\u201d encuentra \u201c-qa\u201d, \u201caqa\u201d, \u201caka tanqa\u201d, \u201callqa\u201d, \u201cch\u2019iqa\u201d, etc.<\/li>\n<li>Es muy tedioso activar y desactivar diccionarios en StarDict para filtrar una b\u00fasqueda. Para activar o desactivar un diccionario en StarDict, haga clic en el icono de una casa ubicada arriba en el lado derecha y seleccionar \u201c<strong>Manage Dict<\/strong>\u201d en el men\u00fa. En el di\u00e1logo bajo el bot\u00f3n \u201c<strong>Manage Dict<\/strong>\u201d, marcar o desmarcar la casilla a lado de un diccionario.<\/li>\n<\/ul>\n<h2>Instalar StarDict<\/h2>\n<p><strong>Windows:<\/strong><\/p>\n<div style=\"margin-left: 25px; margin-top: 0px; padding-top: 0px;\">\n<p>Para instalar StarDict en Windows, descargue el instalador en:<br \/>\n<a href=\"..\/pirwa\/StarDict\/stardict-3.0.4.exe\">http:\/\/www.illaa.org\/pirwa\/StarDict\/stardict-3.0.4.exe<\/a><\/p>\n<p>Haga doble clic en el instalador y sigue las instrucciones del instalador. Si hay dudas, haga clic en \u201c<strong>I accept<\/strong>\u201d, \u201c<strong>Install accept<\/strong>\u201d, \u201c<strong>Next<\/strong>\u201d, \u201c<strong>Next<\/strong>\u201d y \u201c<strong>Finish<\/strong>\u201d en los di\u00e1logos.<\/p>\n<\/div>\n<p><strong>Linux\/BSD:<\/strong><\/p>\n<div style=\"margin-left: 25px; margin-top: 0px; padding-top: 0px;\">Para instalarlo en Linux o BSD, normalmente se puede encontrar StarDict en los repositorios de su propia distribuci\u00f3n.<\/div>\n<div><\/div>\n<div style=\"margin-left: 25px; margin-top: 0px; padding-top: 0px;\"><strong>Debian\/Ubuntu\/Mint:<\/strong><br \/>\nEn un terminal, utiliza <tt>apt<\/tt> para instalar StarDict y sus dependencias:<\/p>\n<pre>sudo apt install stardict<\/pre>\n<p><strong>Fedora\/Red Hat:<\/strong><\/p>\n<pre>sudo yum install stardict<\/pre>\n<p>Si no hay acceso al internet para bajar StarDict de su distribuci\u00f3n, se puede bajar los paquetes en un cybercafe y instalarlos manualmente con <strong><tt>sudo dpkg -i<\/tt><\/strong> en Debian\/Ubuntu\/Mint o <strong><tt>sudo rpm -i<\/tt><\/strong> en Fedora\/Red Hat.<\/p>\n<\/div>\n<h2>Instalar los diccionarios en StarDict<\/h2>\n<p>Descargue todos los diccionarios comprimidos en:<br \/>\n<a href=\"..\/pirwa\/StarDict\/diccionarios-stardict.zip\">http:\/\/www.illaa.org\/pirwa\/StarDict\/diccionarios-stardict.zip<\/a><br \/>\no vaya a <a href=\"..\/diccionarios\">http:\/\/www.illaa.org\/index.php\/diccionarios<\/a> y descargue algunos diccionarios espec\u00edficos.<\/p>\n<p><strong>Windows:<\/strong><\/p>\n<div style=\"margin-left: 25px; margin-top: 0px; padding-top: 0px;\">Descomprime el archivo de diccionarios, usando un programa como 7-Zip, WinRAR o WinZip.<br \/>\nCopie todos las carpetas que fueron descompactadas (<strong>qu_es-laime, es_qu-laime, es_qu-amlq, qu_es-amlq<\/strong>, etc.) y pegarlas adentro de la carpeta dic donde StarDict fue instalado. Normalmente se encuentra en <strong>c:\\Archivos de programa\\stardict\\dic<\/strong> en Windows. En Windows Vista\/7\/8, un dialogo aparecer\u00e1 pidiendo permiso para pegar los archivos en una \u00e1rea protegida.<\/div>\n<p><strong>Linux\/BSD:<\/strong><\/p>\n<div style=\"margin-left: 25px; margin-top: 0px; padding-top: 0px;\">\n<p>Descomprimir el archivo de diccionarios utilizando un programa como File-Roller o unzip. Cambie al usuario root (o el usuario de derechos administrativos con <tt>sudo -i<\/tt>) y copie las carpetas descomprimidas a <strong>\/usr\/share\/stardict\/dic<\/strong><\/p>\n<p><strong>En la l\u00ednea de comando:<\/strong><\/p>\n<pre>unzip diccionarios-stardict.zip\r\nsudo cp dic\/* \/usr\/share\/stardict\/dic\/<\/pre>\n<p><strong>En el entorno gr\u00e1fico de GNOME:<\/strong><br \/>\nDespu\u00e9s de descargar el archivo <tt>diccionarios-stardict.zip<\/tt>, haga clic a la derecha sobre el archivo y seleccione la opci\u00f3n \u201c<strong>Descomprimir<\/strong>\u201d en el men\u00fa. Luego hay que abrir el navegador de archivos con los derechos de un administrador. Abra un Terminal y entregue el comando:<\/p>\n<pre>gksu nautilus<\/pre>\n<p>En el navegador de archivos Nautilus, copie todas las carpetas de los diccionarios descomprimidos y las pegue dentro de la carpeta: <strong>\/usr\/share\/stardict\/dic\/<\/strong><br \/>\nLa pr\u00f3xima vez que StarDict es reiniciado, los diccionarios deben ser disponibles para consultar en StarDict.<\/p>\n<\/div>\n<h2>Utilizar StarDict<\/h2>\n<p>En Windows vaya al menu <strong>Inicio &gt; Programas &gt; StarDict<\/strong> para abrir StarDict. En la mayoria de distribuciones de Linux o BSD, se puede encontrar StarDict en la el menu de <strong>Accesorios<\/strong> (o ejecutarlo con el comando <tt>stardict<\/tt> en un terminal.)<\/p>\n<p>Antes de la versi\u00f3n 3.0.4, hay que utilizar la interfaz de StarDict en ingl\u00e9s porque no hab\u00eda una traducci\u00f3n disponible. Para buscar una palabra en los diccionarios, entregarla en la caja arriba en StarDict y oprima Entregar.<\/p>\n<h3>Activar o Desactivar Diccionarios<\/h3>\n<p>Si Ud. quiere buscar en un diccionario especifico, haga clic en el icono de una casa ubicada arriba en el lado derecha y seleccionar \u201c<strong>Manage Dict<\/strong>\u201d en el men\u00fa que aparece.<\/p>\n<p><img loading=\"lazy\" class=\"alignnone size-full wp-image-274\" src=\"http:\/\/www.illaa.org\/wp-content\/uploads\/2022\/08\/ComoInstalarStarDict_html_2c16026a.jpg\" alt=\"\" width=\"265\" height=\"247\" \/><\/p>\n<p>En el dialogo \u201cManage Dictionaries\u201d, haga clic en la pesta\u00f1a \u201c<strong>Manage Dict<\/strong>\u201d y seleccione los diccionarios que Ud. quiere consultar.<\/p>\n<p><img loading=\"lazy\" class=\"alignnone size-full wp-image-273\" src=\"http:\/\/www.illaa.org\/wp-content\/uploads\/2022\/08\/stardict-manage-dict.png\" alt=\"\" width=\"696\" height=\"537\" srcset=\"http:\/\/www.illaa.org\/wp-content\/uploads\/2022\/08\/stardict-manage-dict.png 696w, http:\/\/www.illaa.org\/wp-content\/uploads\/2022\/08\/stardict-manage-dict-300x231.png 300w, http:\/\/www.illaa.org\/wp-content\/uploads\/2022\/08\/stardict-manage-dict-389x300.png 389w\" sizes=\"(max-width: 696px) 100vw, 696px\" \/><\/p>\n<h3>Cerrar la Ventana o Salir de StarDict<\/h3>\n<p>Cuando se cierre la ventana de ScanDict, el programa sigue ejecutando como icono minimizado en la bandeja del sistema. Para abrir la ventana de ScanDict de nuevo, haga clic en el icono de ScanDict en la bandeja del sistema, que generalmente es ubicado en la barra de iconos a la derecha abajo de la pantalla. Se encuentra con los otros programas de inicio r\u00e1pido.<\/p>\n<p><strong>En Windows XP\/7:<br \/>\n<\/strong><img loading=\"lazy\" class=\"alignnone size-full wp-image-272\" src=\"http:\/\/www.illaa.org\/wp-content\/uploads\/2022\/08\/StarDict-SistemTrayWindows.png\" alt=\"\" width=\"226\" height=\"61\" \/><\/p>\n<p><strong>En Mate\/XFCE\/Cinnamon:<br \/>\n<img loading=\"lazy\" class=\"alignnone size-full wp-image-271\" src=\"http:\/\/www.illaa.org\/wp-content\/uploads\/2022\/08\/stardict-iniciorapido.png\" alt=\"\" width=\"282\" height=\"87\" \/><\/strong><\/p>\n<p><strong>En GNOME 3:<\/strong><br \/>\n<img loading=\"lazy\" class=\"alignnone size-full wp-image-270\" src=\"http:\/\/www.illaa.org\/wp-content\/uploads\/2022\/08\/leeme-goldendict_html_49dfb3d6.jpg\" alt=\"\" width=\"250\" height=\"81\" \/><\/p>\n<p>(Para ver la bandeja del sistema en GNOME 3, arrastre el mouse hacia el rinc\u00f3n izquierdo abajo de la pantalla o oprime el bot\u00f3n de Windows.)<\/p>\n<p>Para salir de StarDict y apagar el programa, haga clic a la derecha sobre el icono en la bandeja del sistema y seleccione la opci\u00f3n \u201c<strong>Quit<\/strong>\u201d en el men\u00fa.<br \/>\n<img loading=\"lazy\" class=\"alignnone size-full wp-image-269\" src=\"http:\/\/www.illaa.org\/wp-content\/uploads\/2022\/08\/leeme-goldendict_html_fd2a2ac.jpg\" alt=\"\" width=\"225\" height=\"96\" \/><\/p>\n<p>Tambi\u00e9n hay una opci\u00f3n de \u201c<strong>Quit<\/strong>\u201d en el men\u00fa principal de StarDict bajo el icono de una casa.<br \/>\n<img loading=\"lazy\" class=\"alignnone size-full wp-image-274\" src=\"http:\/\/www.illaa.org\/wp-content\/uploads\/2022\/08\/ComoInstalarStarDict_html_2c16026a.jpg\" alt=\"\" width=\"265\" height=\"247\" \/><\/p>\n<h4>Consultas en StarDict desde cualquier otro programa<\/h4>\n<p>StarDict le permite consultar los diccionarios adentro de cualquier otro programa. Seleccione alg\u00fan texto y una ventana aparecer\u00e1 mostrando la definici\u00f3n del texto.<\/p>\n<p>Esta funci\u00f3n puede ser una distracci\u00f3n cuando est\u00e1 tratando de concentrar en otro programa. Para apagar esta funci\u00f3n, desseleccione la opci\u00f3n \u201c<strong>Scan\u201d<\/strong> ubicada abajo en la ventana principal de StarDict.<br \/>\n<img loading=\"lazy\" class=\"alignnone size-full wp-image-268\" src=\"http:\/\/www.illaa.org\/wp-content\/uploads\/2022\/08\/stardict-scan.png\" alt=\"\" width=\"192\" height=\"126\" \/><\/p>\n<p>Tambi\u00e9n hay una opci\u00f3n para activar y desactivar la funci\u00f3n de \u201c<strong>Scan<\/strong>\u201d adentro el men\u00fa de la bandeja del sistema.<\/p>\n<p>Para no ser distra\u00eddo constantemente cada vez que Ud. selecciona texto, es recomendado utilizar una tecla especial para realizar consultas en StarDict. Para configurar esta opci\u00f3n, haga clic sobre el icono de una casa y seleccione la opci\u00f3n \u201c<strong>Preferences<\/strong>\u201d en el men\u00fa que aparece. En el dialogo de \u201cPreferences\u201d, seleccione la opci\u00f3n \u201c<strong>Scan selection<\/strong>\u201d en la lista a la izquierda. Marque la opci\u00f3n \u201c<strong>Only scan while the modifier key is being pressed<\/strong>.\u201d Abajo seleccione un tecla que necesita ser oprimida para realizar una consulta en StarDict.<br \/>\n<img loading=\"lazy\" class=\"alignnone size-full wp-image-267\" src=\"http:\/\/www.illaa.org\/wp-content\/uploads\/2022\/08\/leeme-goldendict_html_m7d3c6048.jpg\" alt=\"\" width=\"612\" height=\"410\" srcset=\"http:\/\/www.illaa.org\/wp-content\/uploads\/2022\/08\/leeme-goldendict_html_m7d3c6048.jpg 612w, http:\/\/www.illaa.org\/wp-content\/uploads\/2022\/08\/leeme-goldendict_html_m7d3c6048-300x201.jpg 300w, http:\/\/www.illaa.org\/wp-content\/uploads\/2022\/08\/leeme-goldendict_html_m7d3c6048-448x300.jpg 448w\" sizes=\"(max-width: 612px) 100vw, 612px\" \/><\/p>\n<h3>Desactivar diccionarios de red<\/h3>\n<p>StarDict tiene una funci\u00f3n para buscar en diccionarios guardados en servidores en el internet. Desafortunadamente, StarDict muestra un mensaje de error cada vez que no se puede conectar al internet. Para apagar esta funci\u00f3n molestosa, haga clic en <strong>Preferences<\/strong> que un icono de dos herramientas cruzadas en el rinc\u00f3n derecha abajo.<\/p>\n<p>En el dialogo de \u201cPreferences\u201d, seleccione <strong>Net Dict<\/strong> en la lista a la izquierda y desactiva la opci\u00f3n <strong>Enable Network Dictionaries<\/strong>.<br \/>\n<img loading=\"lazy\" class=\"alignnone size-full wp-image-266\" src=\"http:\/\/www.illaa.org\/wp-content\/uploads\/2022\/08\/StarDict-DisableNetDic.png\" alt=\"\" width=\"526\" height=\"377\" srcset=\"http:\/\/www.illaa.org\/wp-content\/uploads\/2022\/08\/StarDict-DisableNetDic.png 526w, http:\/\/www.illaa.org\/wp-content\/uploads\/2022\/08\/StarDict-DisableNetDic-300x215.png 300w, http:\/\/www.illaa.org\/wp-content\/uploads\/2022\/08\/StarDict-DisableNetDic-419x300.png 419w\" sizes=\"(max-width: 526px) 100vw, 526px\" \/><\/p>\n<h3>Desactivar sonidos<\/h3>\n<p>Por defecto StarDict hace sonidos con cada acci\u00f3n, que pueden ser molestosos. Para desactivar estos sonidos, haga clic en el icono de una casa ubicada arriba en el lado derecha y seleccionar \u201c<strong>Preferences<\/strong>\u201d en el men\u00fa que aparece.<br \/>\nEn la lista de opciones a la izquierda del dialogo de \u201cPreferences\u201d, seleccione la opci\u00f3n \u201c<strong>Sound<\/strong>\u201d. Desmarcar la opci\u00f3n \u201c<strong>Enable sound event<\/strong>\u201c.<br \/>\n<img loading=\"lazy\" class=\"alignnone size-full wp-image-265\" src=\"http:\/\/www.illaa.org\/wp-content\/uploads\/2022\/08\/leeme-goldendict_html_7dc4fea7.jpg\" alt=\"\" width=\"611\" height=\"407\" srcset=\"http:\/\/www.illaa.org\/wp-content\/uploads\/2022\/08\/leeme-goldendict_html_7dc4fea7.jpg 611w, http:\/\/www.illaa.org\/wp-content\/uploads\/2022\/08\/leeme-goldendict_html_7dc4fea7-300x200.jpg 300w, http:\/\/www.illaa.org\/wp-content\/uploads\/2022\/08\/leeme-goldendict_html_7dc4fea7-450x300.jpg 450w\" sizes=\"(max-width: 611px) 100vw, 611px\" \/><\/p>\n<h3>Activar la pronunciaci\u00f3n de palabras<\/h3>\n<p><strong>Linux\/BSD:<\/strong><\/p>\n<div style=\"margin-left: 25px; margin-top: 0px; padding-top: 0px;\">\n<p>En el mismo di\u00e1logo arriba, se puede activar la pronunciaci\u00f3n de palabras en voz alta. Marcar la opci\u00f3n \u201cUse TTS program.\u201d y selecciona un comando para pronunciar la voz. El comando depende de cual programa de pronunciaci\u00f3n est\u00e1 instalado en su PC. Todav\u00eda no existe ning\u00fan pronunciador para quechua y aymara, pero ambos Espeak y Festival ofrecen la pronunciaci\u00f3n de Castellano. La pronunciaci\u00f3n es mucho mejor con Festival que Espeak, entonces es recomendado seleccionar la opci\u00f3n:<\/p>\n<pre>echo %s | festival --tts &amp;<\/pre>\n<p>Para instalar Festival con un las voces de castellano desde la l\u00ednea de comando:<br \/>\n<strong>Debian\/Ubuntu\/Mint:<\/strong><\/p>\n<pre>sudo apt install festival festvox-ellpc11k stardict-plugin-festival<\/pre>\n<\/div>\n<p>Luego, se puede seleccionar la voz de Festival o Espeak en la opci\u00f3n <strong>Manage Plugins<\/strong> en el menu principal.<br \/>\n<img loading=\"lazy\" class=\"alignnone size-full wp-image-264\" src=\"http:\/\/www.illaa.org\/wp-content\/uploads\/2022\/08\/ComoInstalarStarDict_html_m2a2288c6.jpg\" alt=\"\" width=\"444\" height=\"383\" srcset=\"http:\/\/www.illaa.org\/wp-content\/uploads\/2022\/08\/ComoInstalarStarDict_html_m2a2288c6.jpg 444w, http:\/\/www.illaa.org\/wp-content\/uploads\/2022\/08\/ComoInstalarStarDict_html_m2a2288c6-300x259.jpg 300w, http:\/\/www.illaa.org\/wp-content\/uploads\/2022\/08\/ComoInstalarStarDict_html_m2a2288c6-348x300.jpg 348w\" sizes=\"(max-width: 444px) 100vw, 444px\" \/><\/p>\n","protected":false},"excerpt":{"rendered":"<p>StarDict es un diccionario electr\u00f3nico de software libre que es muy f\u00e1cil usar y funciona en Windows, Linux, BSD y Mac OSX. Es dise\u00f1ado para hacer b\u00fasquedas en muchos diccionarios a la vez y tiene opciones para consultar los diccionarios &hellip; <a href=\"http:\/\/www.illaa.org\/index.php\/stardict\/\">Continuar leyendo <span class=\"meta-nav\">&rarr;<\/span><\/a><\/p>\n","protected":false},"author":1,"featured_media":0,"parent":0,"menu_order":0,"comment_status":"closed","ping_status":"closed","template":"","meta":[],"_links":{"self":[{"href":"http:\/\/www.illaa.org\/index.php\/wp-json\/wp\/v2\/pages\/67"}],"collection":[{"href":"http:\/\/www.illaa.org\/index.php\/wp-json\/wp\/v2\/pages"}],"about":[{"href":"http:\/\/www.illaa.org\/index.php\/wp-json\/wp\/v2\/types\/page"}],"author":[{"embeddable":true,"href":"http:\/\/www.illaa.org\/index.php\/wp-json\/wp\/v2\/users\/1"}],"replies":[{"embeddable":true,"href":"http:\/\/www.illaa.org\/index.php\/wp-json\/wp\/v2\/comments?post=67"}],"version-history":[{"count":7,"href":"http:\/\/www.illaa.org\/index.php\/wp-json\/wp\/v2\/pages\/67\/revisions"}],"predecessor-version":[{"id":279,"href":"http:\/\/www.illaa.org\/index.php\/wp-json\/wp\/v2\/pages\/67\/revisions\/279"}],"wp:attachment":[{"href":"http:\/\/www.illaa.org\/index.php\/wp-json\/wp\/v2\/media?parent=67"}],"curies":[{"name":"wp","href":"https:\/\/api.w.org\/{rel}","templated":true}]}}