{"id":73,"date":"2022-08-22T07:30:06","date_gmt":"2022-08-22T12:30:06","guid":{"rendered":"http:\/\/www.illaa.org\/?page_id=73"},"modified":"2022-08-30T02:38:38","modified_gmt":"2022-08-30T07:38:38","slug":"software","status":"publish","type":"page","link":"http:\/\/www.illaa.org\/index.php\/software\/","title":{"rendered":"Software"},"content":{"rendered":"<h2>Recomendamos el siguiente software para lenguas originarias<\/h2>\n<table>\n<tbody>\n<tr valign=\"top\">\n<td><img src=\"..\/..\/pirwa\/runasimipi_info\/AbiWord.jpg\" alt=\"\" \/><\/td>\n<td><a href=\"https:\/\/www.abisource.com\/\"><strong>AbiWord<\/strong><\/a>, un procesador liviano de texto con una interfaz en aymara pace\u00f1o, aymara orure\u00f1o y quechua boliviano sure\u00f1o.<\/p>\n<p><strong>[<a href=\"..\/..\/pirwa\/ComoInstalarAbiWord.html\" target=\"_blank\" rel=\"noopener\">L\u00e9ame<\/a>] [<a href=\"http:\/\/www.abisource.com\/downloads\/abiword\/2.8.6\/Windows\/abiword-setup-2.8.6.exe\">Windows<\/a>] [<a href=\"http:\/\/www.abisource.com\/downloads\/dictionaries\/Windows\/AbiWord_Dictionary_Espanol.exe\">Dic-espa\u00f1ol<\/a>] [<a href=\"http:\/\/packages.ubuntu.com\/search?keywords=abiword\">Ubuntu<\/a>] [<a href=\"http:\/\/packages.debian.org\/search?keywords=abiword\">Debian<\/a>] [<a href=\"http:\/\/www.abisource.com\/downloads\/abiword\/2.4.5\/MacOSX\/AbiWord-2.4.5-10.2.dmg.gz\">Mac OSX<\/a>]<\/strong><\/td>\n<\/tr>\n<tr valign=\"top\">\n<td><img src=\"..\/..\/pirwa\/runasimipi_info\/mlogo-openoffice.png\" alt=\"\" \/><\/td>\n<td><strong><span lang=\"es\">OpenOffice 3<\/span><\/strong><span lang=\"es\">, un juego de programas ofim\u00e1ticos con un corrector ortogr\u00e1fico de quechua boliviano (5 vocales).<\/span><\/p>\n<p><strong>[<a href=\"..\/..\/pirwa\/ComoInstalarOpenOffice.html\" target=\"_blank\" rel=\"noopener\">L\u00e9ame<\/a>] <\/strong><span lang=\"es\"><strong>[<\/strong><a href=\"..\/..\/pirwa\/OpenOffice\/OOo_3.1.0_Win32Intel_install_es.exe\"><strong>Windows<\/strong><\/a><strong>] <\/strong><\/span><span lang=\"es\"><strong>[<\/strong><a href=\"..\/..\/pirwa\/OpenOffice\/jre-6u13-windows-i586-p-s.exe\"><strong>Java-Win<\/strong><\/a><strong>] <\/strong><\/span><span lang=\"es\"><strong>[<\/strong><a href=\"..\/..\/pirwa\/OpenOffice\/OOo_3.1.0_LinuxIntel_install_es_deb.tar.gz\"><strong>deb<\/strong><\/a><strong>] <\/strong><\/span><span lang=\"es\"><strong>[<\/strong><a href=\"..\/..\/pirwa\/OpenOffice\/dict-quh_BO.oxt\"><strong>Quechua-OO3<\/strong><\/a><strong>] <\/strong><\/span><span lang=\"es\"><strong>[<\/strong><a href=\"..\/..\/pirwa\/OpenOffice\/quh_BO-pack.zip\"><strong>Quechua-OO2.4<\/strong><\/a><strong>] <\/strong><\/span><\/td>\n<\/tr>\n<tr valign=\"top\">\n<td><img src=\"..\/..\/pirwa\/GoldenDict\/goldendict.png\" alt=\"\" \/><\/td>\n<td><a href=\"http:\/\/goldendict.org\/\"><strong>GoldenDict<\/strong><\/a>, una aplicaci\u00f3n del escritorio para consultar los diccionarios, con su interfaz en castellano, quechua y aymara.<br \/>\n<strong>[<a href=\"..\/goldendict\" target=\"_blank\" rel=\"noopener\">Instrucciones<\/a>] [<a href=\"..\/..\/pirwa\/GoldenDict\/GoldenDict-1.0.1-1-Install.exe\">Windows<\/a>] [<a href=\"http:\/\/packages.ubuntu.com\/search?keywords=goldendict\">Ubuntu<\/a>] [<a href=\"http:\/\/packages.debian.org\/search?keywords=goldendict\">Debian<\/a>] [<a href=\"..\/..\/pirwa\/GoldenDict\/diccionarios-goldendict.zip\">Diccionarios<\/a>] [<a href=\"..\/..\/pirwa\/GoldenDict\/traducciones-goldendict.zip\">Traducciones]<\/a><\/strong><\/td>\n<\/tr>\n<tr>\n<td><img src=\"..\/..\/pirwa\/runasimipi_info\/StarDict.jpg\" alt=\"\" \/><\/td>\n<td><a href=\"http:\/\/www.huzheng.org\/stardict\/\"><strong>StarDict<\/strong><\/a>, una aplicaci\u00f3n del escritorio para consultar los diccionarios.<\/p>\n<p><strong>[<a href=\"..\/stardict\" target=\"_blank\" rel=\"noopener\">Instrucciones<\/a>] [<a href=\"..\/..\/pirwa\/StarDict\/stardict-3.0.4.exe\">Windows<\/a>] [<a href=\"http:\/\/packages.ubuntu.com\/search?keywords=stardict\">Ubuntu<\/a>] [<a href=\"http:\/\/packages.debian.org\/search?keywords=stardict\">Debian<\/a>] [<a href=\"..\/..\/pirwa\/StarDict\/StarDict-3.0.1-MacOSX.zip\">Mac OSX<\/a>] [<a href=\"..\/..\/pirwa\/StarDict\/diccionarios-stardict.zip\">diccionarios<\/a>]<\/strong><\/td>\n<\/tr>\n<tr valign=\"top\">\n<td><img src=\"..\/..\/pirwa\/runasimipi_info\/babiloo-icon.png\" alt=\"\" \/><\/td>\n<td><a href=\"https:\/\/sourceforge.net\/projects\/babiloo\/\"><strong>Babiloo<\/strong><\/a>, una aplicaci\u00f3n del escritorio con interfaz en quechua y espa\u00f1ol para consultar los diccionarios abajo.<\/p>\n<p><strong>[<a href=\"..\/..\/pirwa\/Babiloo\/Babiloo-Runasimipi-2.0.8.exe\">Windows<\/a>] [<a href=\"..\/..\/pirwa\/Babiloo\/babiloo_2.0.7-1_all.deb\">deb<\/a>]<\/strong><\/td>\n<\/tr>\n<\/tbody>\n<\/table>\n","protected":false},"excerpt":{"rendered":"<p>Recomendamos el siguiente software para lenguas originarias AbiWord, un procesador liviano de texto con una interfaz en aymara pace\u00f1o, aymara orure\u00f1o y quechua boliviano sure\u00f1o. [L\u00e9ame] [Windows] [Dic-espa\u00f1ol] [Ubuntu] [Debian] [Mac OSX] OpenOffice 3, un juego de programas ofim\u00e1ticos con &hellip; <a href=\"http:\/\/www.illaa.org\/index.php\/software\/\">Continuar leyendo <span class=\"meta-nav\">&rarr;<\/span><\/a><\/p>\n","protected":false},"author":1,"featured_media":0,"parent":0,"menu_order":0,"comment_status":"closed","ping_status":"closed","template":"","meta":[],"_links":{"self":[{"href":"http:\/\/www.illaa.org\/index.php\/wp-json\/wp\/v2\/pages\/73"}],"collection":[{"href":"http:\/\/www.illaa.org\/index.php\/wp-json\/wp\/v2\/pages"}],"about":[{"href":"http:\/\/www.illaa.org\/index.php\/wp-json\/wp\/v2\/types\/page"}],"author":[{"embeddable":true,"href":"http:\/\/www.illaa.org\/index.php\/wp-json\/wp\/v2\/users\/1"}],"replies":[{"embeddable":true,"href":"http:\/\/www.illaa.org\/index.php\/wp-json\/wp\/v2\/comments?post=73"}],"version-history":[{"count":5,"href":"http:\/\/www.illaa.org\/index.php\/wp-json\/wp\/v2\/pages\/73\/revisions"}],"predecessor-version":[{"id":404,"href":"http:\/\/www.illaa.org\/index.php\/wp-json\/wp\/v2\/pages\/73\/revisions\/404"}],"wp:attachment":[{"href":"http:\/\/www.illaa.org\/index.php\/wp-json\/wp\/v2\/media?parent=73"}],"curies":[{"name":"wp","href":"https:\/\/api.w.org\/{rel}","templated":true}]}}